{"id":1043,"date":"2025-05-29T15:20:22","date_gmt":"2025-05-29T15:20:22","guid":{"rendered":"https:\/\/tillukohvik.ee\/?page_id=1043"},"modified":"2026-04-02T14:35:58","modified_gmt":"2026-04-02T11:35:58","slug":"avaleht","status":"publish","type":"page","link":"https:\/\/tillukohvik.ee\/en\/","title":{"rendered":"Tillu kohvik"},"content":{"rendered":"\t\t<div data-elementor-type=\"wp-page\" data-elementor-id=\"1043\" class=\"elementor elementor-1043\">\n\t\t\t\t<div class=\"elementor-element elementor-element-584715c e-flex e-con-boxed e-con e-parent\" data-id=\"584715c\" data-element_type=\"container\" data-e-type=\"container\" data-settings=\"{&quot;background_background&quot;:&quot;slideshow&quot;,&quot;background_slideshow_gallery&quot;:[{&quot;id&quot;:804,&quot;url&quot;:&quot;https:\\\/\\\/tillukohvik.ee\\\/wp-content\\\/uploads\\\/2024\\\/04\\\/tillu-kohvik-tordiralli_mLdp6MsF.jpg&quot;}],&quot;background_slideshow_loop&quot;:&quot;yes&quot;,&quot;background_slideshow_slide_duration&quot;:5000,&quot;background_slideshow_slide_transition&quot;:&quot;fade&quot;,&quot;background_slideshow_transition_duration&quot;:500}\">\n\t\t\t\t\t<div class=\"e-con-inner\">\n\t\t<div class=\"elementor-element elementor-element-4b4f11b e-con-full e-flex e-con e-child\" data-id=\"4b4f11b\" data-element_type=\"container\" data-e-type=\"container\">\n\t\t\t\t<div class=\"elementor-element elementor-element-eb0fe99 elementor-widget elementor-widget-heading\" data-id=\"eb0fe99\" data-element_type=\"widget\" data-e-type=\"widget\" data-widget_type=\"heading.default\">\n\t\t\t\t<div class=\"elementor-widget-container\">\n\t\t\t\t\t<h2 class=\"elementor-heading-title elementor-size-default\">Tillu kohvik P\u00f5lvas<\/h2>\t\t\t\t<\/div>\n\t\t\t\t<\/div>\n\t\t\t\t<div class=\"elementor-element elementor-element-006ca4b elementor-widget elementor-widget-heading\" data-id=\"006ca4b\" data-element_type=\"widget\" data-e-type=\"widget\" data-widget_type=\"heading.default\">\n\t\t\t\t<div class=\"elementor-widget-container\">\n\t\t\t\t\t<h3 class=\"elementor-heading-title elementor-size-default\">Avatud\nT \u2013 L\n10:00 \u2013 17:00<\/h3>\t\t\t\t<\/div>\n\t\t\t\t<\/div>\n\t\t<div class=\"elementor-element elementor-element-67e51ee e-con-full e-flex e-con e-child\" data-id=\"67e51ee\" data-element_type=\"container\" data-e-type=\"container\">\n\t\t\t\t<div class=\"elementor-element elementor-element-97ad9f0 elementor-align-center elementor-widget elementor-widget-button\" data-id=\"97ad9f0\" data-element_type=\"widget\" data-e-type=\"widget\" data-widget_type=\"button.default\">\n\t\t\t\t<div class=\"elementor-widget-container\">\n\t\t\t\t\t\t\t\t\t<div class=\"elementor-button-wrapper\">\n\t\t\t\t\t<a class=\"elementor-button elementor-button-link elementor-size-sm\" href=\"tel:+3725206576\">\n\t\t\t\t\t\t<span class=\"elementor-button-content-wrapper\">\n\t\t\t\t\t\t\t\t\t<span class=\"elementor-button-text\">Broneeri laud<\/span>\n\t\t\t\t\t<\/span>\n\t\t\t\t\t<\/a>\n\t\t\t\t<\/div>\n\t\t\t\t\t\t\t\t<\/div>\n\t\t\t\t<\/div>\n\t\t\t\t<\/div>\n\t\t\t\t<\/div>\n\t\t\t\t\t<\/div>\n\t\t\t\t<\/div>\n\t\t\t\t<section class=\"elementor-section elementor-top-section elementor-element elementor-element-3a22c1ee elementor-section-boxed elementor-section-height-default elementor-section-height-default\" data-id=\"3a22c1ee\" data-element_type=\"section\" data-e-type=\"section\" data-settings=\"{&quot;background_background&quot;:&quot;classic&quot;}\">\n\t\t\t\t\t\t<div class=\"elementor-container elementor-column-gap-no\">\n\t\t\t\t\t<div class=\"elementor-column elementor-col-100 elementor-top-column elementor-element elementor-element-27aa83cf\" data-id=\"27aa83cf\" data-element_type=\"column\" data-e-type=\"column\">\n\t\t\t<div class=\"elementor-widget-wrap elementor-element-populated\">\n\t\t\t\t\t\t<div class=\"elementor-element elementor-element-716043a1 elementor-text-center elementor-widget elementor-widget-ll_title\" data-id=\"716043a1\" data-element_type=\"widget\" data-e-type=\"widget\" data-widget_type=\"ll_title.default\">\n\t\t\t\t<div class=\"elementor-widget-container\">\n\t\t\t\t\t\n\t\t<div class=\"section-header\">\n\t\t\t<span class=\"title-decor-line\"><\/span><h5 class=\"section-title\">Kontakt<\/h5>\t\t\t<span class=\"title-decor-line\"><\/span>\n\t\t<\/div>\t\t\t\t<\/div>\n\t\t\t\t<\/div>\n\t\t\t\t\t<\/div>\n\t\t<\/div>\n\t\t\t\t\t<\/div>\n\t\t<\/section>\n\t\t<div class=\"elementor-element elementor-element-c75b32b e-flex e-con-boxed e-con e-parent\" data-id=\"c75b32b\" data-element_type=\"container\" data-e-type=\"container\">\n\t\t\t\t\t<div class=\"e-con-inner\">\n\t\t<div class=\"elementor-element elementor-element-dccfc95 e-con-full e-flex e-con e-child\" data-id=\"dccfc95\" data-element_type=\"container\" data-e-type=\"container\">\n\t\t\t\t<div class=\"elementor-element elementor-element-186df25 elementor-widget elementor-widget-heading\" data-id=\"186df25\" data-element_type=\"widget\" data-e-type=\"widget\" data-widget_type=\"heading.default\">\n\t\t\t\t<div class=\"elementor-widget-container\">\n\t\t\t\t\t<h2 class=\"elementor-heading-title elementor-size-default\">Aadress<\/h2>\t\t\t\t<\/div>\n\t\t\t\t<\/div>\n\t\t\t\t<div class=\"elementor-element elementor-element-22a8f7d elementor-widget elementor-widget-text-editor\" data-id=\"22a8f7d\" data-element_type=\"widget\" data-e-type=\"widget\" data-widget_type=\"text-editor.default\">\n\t\t\t\t<div class=\"elementor-widget-container\">\n\t\t\t\t\t\t\t\t\t<p><span style=\"color: #000000; font-family: 'Josefin Sans';\">Jaama 52, P\u00f5lva linn,&nbsp;<br><\/span><span style=\"color: #000000; font-family: 'Josefin Sans';\">P\u00f5lvamaa<\/span><\/p>\t\t\t\t\t\t\t\t<\/div>\n\t\t\t\t<\/div>\n\t\t\t\t<\/div>\n\t\t<div class=\"elementor-element elementor-element-1e66509 e-con-full e-flex e-con e-child\" data-id=\"1e66509\" data-element_type=\"container\" data-e-type=\"container\">\n\t\t\t\t<div class=\"elementor-element elementor-element-2f04b42 elementor-widget elementor-widget-heading\" data-id=\"2f04b42\" data-element_type=\"widget\" data-e-type=\"widget\" data-widget_type=\"heading.default\">\n\t\t\t\t<div class=\"elementor-widget-container\">\n\t\t\t\t\t<h2 class=\"elementor-heading-title elementor-size-default\">V\u00f5ta meiega \u00fchendust<\/h2>\t\t\t\t<\/div>\n\t\t\t\t<\/div>\n\t\t\t\t<div class=\"elementor-element elementor-element-a18d152 elementor-widget elementor-widget-text-editor\" data-id=\"a18d152\" data-element_type=\"widget\" data-e-type=\"widget\" data-widget_type=\"text-editor.default\">\n\t\t\t\t<div class=\"elementor-widget-container\">\n\t\t\t\t\t\t\t\t\t<p><span style=\"color: #000000; font-family: Josefin Sans;\">E-post: <a href=\"mailto:talupood@gmail.com\">talupood@gmail.com<\/a><br \/>Tel: +372 520 6576<\/span><\/p>\t\t\t\t\t\t\t\t<\/div>\n\t\t\t\t<\/div>\n\t\t\t\t<\/div>\n\t\t\t\t\t<\/div>\n\t\t\t\t<\/div>\n\t\t<div class=\"elementor-element elementor-element-909a48b e-flex e-con-boxed e-con e-parent\" data-id=\"909a48b\" data-element_type=\"container\" data-e-type=\"container\">\n\t\t\t\t\t<div class=\"e-con-inner\">\n\t\t\t\t<div class=\"elementor-element elementor-element-e72749a elementor-widget elementor-widget-google_maps\" data-id=\"e72749a\" data-element_type=\"widget\" data-e-type=\"widget\" data-widget_type=\"google_maps.default\">\n\t\t\t\t<div class=\"elementor-widget-container\">\n\t\t\t\t\t\t\t<div class=\"elementor-custom-embed\">\n\t\t\t<iframe loading=\"lazy\"\n\t\t\t\t\tsrc=\"https:\/\/maps.google.com\/maps?q=tillu&#038;t=m&#038;z=10&#038;output=embed&#038;iwloc=near\"\n\t\t\t\t\ttitle=\"tillu\"\n\t\t\t\t\taria-label=\"tillu\"\n\t\t\t><\/iframe>\n\t\t<\/div>\n\t\t\t\t\t\t<\/div>\n\t\t\t\t<\/div>\n\t\t\t\t\t<\/div>\n\t\t\t\t<\/div>\n\t\t<div class=\"elementor-element elementor-element-c29ef78 e-flex e-con-boxed e-con e-parent\" data-id=\"c29ef78\" data-element_type=\"container\" data-e-type=\"container\">\n\t\t\t\t\t<div class=\"e-con-inner\">\n\t\t<div class=\"elementor-element elementor-element-4c87722 e-con-full e-flex e-con e-child\" data-id=\"4c87722\" data-element_type=\"container\" data-e-type=\"container\">\n\t\t\t\t<div class=\"elementor-element elementor-element-be6d79c elementor-widget elementor-widget-image\" data-id=\"be6d79c\" data-element_type=\"widget\" data-e-type=\"widget\" data-widget_type=\"image.default\">\n\t\t\t\t<div class=\"elementor-widget-container\">\n\t\t\t\t\t\t\t\t\t\t\t\t\t\t\t<img fetchpriority=\"high\" decoding=\"async\" width=\"768\" height=\"446\" src=\"https:\/\/tillukohvik.ee\/wp-content\/uploads\/2025\/10\/Kaasrahastanud_EL_kaksiklogod_EST_hor_color_RGB-768x446.png\" class=\"attachment-medium_large size-medium_large wp-image-1947\" alt=\"\" srcset=\"https:\/\/tillukohvik.ee\/wp-content\/uploads\/2025\/10\/Kaasrahastanud_EL_kaksiklogod_EST_hor_color_RGB-768x446.png 768w, https:\/\/tillukohvik.ee\/wp-content\/uploads\/2025\/10\/Kaasrahastanud_EL_kaksiklogod_EST_hor_color_RGB-300x174.png 300w, https:\/\/tillukohvik.ee\/wp-content\/uploads\/2025\/10\/Kaasrahastanud_EL_kaksiklogod_EST_hor_color_RGB-18x10.png 18w, https:\/\/tillukohvik.ee\/wp-content\/uploads\/2025\/10\/Kaasrahastanud_EL_kaksiklogod_EST_hor_color_RGB-780x453.png 780w, https:\/\/tillukohvik.ee\/wp-content\/uploads\/2025\/10\/Kaasrahastanud_EL_kaksiklogod_EST_hor_color_RGB-600x349.png 600w, https:\/\/tillukohvik.ee\/wp-content\/uploads\/2025\/10\/Kaasrahastanud_EL_kaksiklogod_EST_hor_color_RGB-550x320.png 550w, https:\/\/tillukohvik.ee\/wp-content\/uploads\/2025\/10\/Kaasrahastanud_EL_kaksiklogod_EST_hor_color_RGB-370x215.png 370w, https:\/\/tillukohvik.ee\/wp-content\/uploads\/2025\/10\/Kaasrahastanud_EL_kaksiklogod_EST_hor_color_RGB-255x148.png 255w, https:\/\/tillukohvik.ee\/wp-content\/uploads\/2025\/10\/Kaasrahastanud_EL_kaksiklogod_EST_hor_color_RGB-150x87.png 150w, https:\/\/tillukohvik.ee\/wp-content\/uploads\/2025\/10\/Kaasrahastanud_EL_kaksiklogod_EST_hor_color_RGB.png 1022w\" sizes=\"255px\" data-loftocean-lazy-load-sizes=\"(max-width: 768px) 100vw, 768px\" data-loftocean-loading-image=\"on\" \/>\t\t\t\t\t\t\t\t\t\t\t\t\t\t\t<\/div>\n\t\t\t\t<\/div>\n\t\t\t\t<\/div>\n\t\t<div class=\"elementor-element elementor-element-9531183 e-con-full e-flex e-con e-child\" data-id=\"9531183\" data-element_type=\"container\" data-e-type=\"container\">\n\t\t\t\t<div class=\"elementor-element elementor-element-407b606 elementor-widget elementor-widget-image\" data-id=\"407b606\" data-element_type=\"widget\" data-e-type=\"widget\" data-widget_type=\"image.default\">\n\t\t\t\t<div class=\"elementor-widget-container\">\n\t\t\t\t\t\t\t\t\t\t\t\t\t\t\t\t<a href=\"http:\/\/www.umamekk.ee\">\n\t\t\t\t\t\t\t<img decoding=\"async\" width=\"768\" height=\"1041\" src=\"https:\/\/tillukohvik.ee\/wp-content\/uploads\/2025\/10\/uma-mekk-jpg-logo-768x1041.jpg\" class=\"attachment-medium_large size-medium_large wp-image-1948\" alt=\"\" srcset=\"https:\/\/tillukohvik.ee\/wp-content\/uploads\/2025\/10\/uma-mekk-jpg-logo-768x1041.jpg 768w, https:\/\/tillukohvik.ee\/wp-content\/uploads\/2025\/10\/uma-mekk-jpg-logo-221x300.jpg 221w, https:\/\/tillukohvik.ee\/wp-content\/uploads\/2025\/10\/uma-mekk-jpg-logo-756x1024.jpg 756w, https:\/\/tillukohvik.ee\/wp-content\/uploads\/2025\/10\/uma-mekk-jpg-logo-1134x1536.jpg 1134w, https:\/\/tillukohvik.ee\/wp-content\/uploads\/2025\/10\/uma-mekk-jpg-logo-1512x2048.jpg 1512w, https:\/\/tillukohvik.ee\/wp-content\/uploads\/2025\/10\/uma-mekk-jpg-logo-9x12.jpg 9w, https:\/\/tillukohvik.ee\/wp-content\/uploads\/2025\/10\/uma-mekk-jpg-logo-1440x1951.jpg 1440w, https:\/\/tillukohvik.ee\/wp-content\/uploads\/2025\/10\/uma-mekk-jpg-logo-1200x1626.jpg 1200w, https:\/\/tillukohvik.ee\/wp-content\/uploads\/2025\/10\/uma-mekk-jpg-logo-780x1057.jpg 780w, https:\/\/tillukohvik.ee\/wp-content\/uploads\/2025\/10\/uma-mekk-jpg-logo-600x813.jpg 600w, https:\/\/tillukohvik.ee\/wp-content\/uploads\/2025\/10\/uma-mekk-jpg-logo-550x745.jpg 550w, https:\/\/tillukohvik.ee\/wp-content\/uploads\/2025\/10\/uma-mekk-jpg-logo-370x501.jpg 370w, https:\/\/tillukohvik.ee\/wp-content\/uploads\/2025\/10\/uma-mekk-jpg-logo-255x345.jpg 255w, https:\/\/tillukohvik.ee\/wp-content\/uploads\/2025\/10\/uma-mekk-jpg-logo-111x150.jpg 111w, https:\/\/tillukohvik.ee\/wp-content\/uploads\/2025\/10\/uma-mekk-jpg-logo.jpg 1612w\" sizes=\"255px\" data-loftocean-lazy-load-sizes=\"(max-width: 768px) 100vw, 768px\" data-loftocean-loading-image=\"on\" \/>\t\t\t\t\t\t\t\t<\/a>\n\t\t\t\t\t\t\t\t\t\t\t\t\t\t\t<\/div>\n\t\t\t\t<\/div>\n\t\t\t\t<\/div>\n\t\t\t\t\t<\/div>\n\t\t\t\t<\/div>\n\t\t\t\t<section class=\"elementor-section elementor-top-section elementor-element elementor-element-59cc1ffd elementor-section-boxed elementor-section-height-default elementor-section-height-default\" data-id=\"59cc1ffd\" data-element_type=\"section\" data-e-type=\"section\" data-settings=\"{&quot;background_background&quot;:&quot;classic&quot;}\">\n\t\t\t\t\t\t<div class=\"elementor-container elementor-column-gap-default\">\n\t\t\t\t\t<div class=\"elementor-column elementor-col-100 elementor-top-column elementor-element elementor-element-25c47e21 dark-color\" data-id=\"25c47e21\" data-element_type=\"column\" data-e-type=\"column\">\n\t\t\t<div class=\"elementor-widget-wrap elementor-element-populated\">\n\t\t\t\t\t\t<div class=\"elementor-element elementor-element-2ee6e55a elementor-widget__width-auto elementor-widget elementor-widget-text-editor\" data-id=\"2ee6e55a\" data-element_type=\"widget\" data-e-type=\"widget\" data-widget_type=\"text-editor.default\">\n\t\t\t\t<div class=\"elementor-widget-container\">\n\t\t\t\t\t\t\t\t\t<p>Talutoit O\u00dc\u00a0|\u00a0<span style=\"font-size: inherit; background-color: transparent;\">reg-kood:<\/span><span style=\"font-size: inherit; background-color: transparent;\">12039792\u00a0<\/span><span style=\"background-color: transparent;\">| IBAN:\u00a0<\/span><span style=\"background-color: transparent;\">641010220191711227\u00a0<\/span><\/p>\t\t\t\t\t\t\t\t<\/div>\n\t\t\t\t<\/div>\n\t\t\t\t<div class=\"elementor-element elementor-element-621d0744 elementor-widget__width-auto elementor-hidden-mobile elementor-widget elementor-widget-text-editor\" data-id=\"621d0744\" data-element_type=\"widget\" data-e-type=\"widget\" data-widget_type=\"text-editor.default\">\n\t\t\t\t<div class=\"elementor-widget-container\">\n\t\t\t\t\t\t\t\t\t<p>|<\/p>\t\t\t\t\t\t\t\t<\/div>\n\t\t\t\t<\/div>\n\t\t\t\t<div class=\"elementor-element elementor-element-7249a18a elementor-widget__width-auto elementor-widget elementor-widget-ll_menu\" data-id=\"7249a18a\" data-element_type=\"widget\" data-e-type=\"widget\" data-widget_type=\"ll_menu.default\">\n\t\t\t\t<div class=\"elementor-widget-container\">\n\t\t\t\t\t<nav class=\"ll-menu footer-menu not-mobile-menu text-center-mobile\"><ul id=\"menu-7249a18a\" class=\"menu\"><li id=\"menu-item-627\" class=\"menu-item menu-item-type-post_type menu-item-object-page menu-item-627\"><a href=\"https:\/\/tillukohvik.ee\/en\/kontakt\/\"><span>Avamisajad<\/span><\/a><\/li>\n<li id=\"menu-item-1744\" class=\"menu-item menu-item-type-post_type menu-item-object-page menu-item-1744\"><a href=\"https:\/\/tillukohvik.ee\/en\/cookie-policy-eu\/\"><span>K\u00fcpsiste teave (EU)<\/span><\/a><\/li>\n<li id=\"menu-item-1748\" class=\"menu-item menu-item-type-post_type menu-item-object-page menu-item-privacy-policy menu-item-1748\"><a rel=\"privacy-policy\" href=\"https:\/\/tillukohvik.ee\/en\/privaatsuspoliitika\/\"><span>Privaatsuspoliitika<\/span><\/a><\/li>\n<li id=\"menu-item-1750\" class=\"menu-item menu-item-type-custom menu-item-object-custom menu-item-1750\"><a href=\"https:\/\/tillukohvik.ee\/wp-content\/uploads\/2025\/08\/Muugitingimused.pdf\"><span>M\u00fc\u00fcgitingimused<\/span><\/a><\/li>\n<\/ul><\/nav>\t\t\t\t<\/div>\n\t\t\t\t<\/div>\n\t\t\t\t\t<\/div>\n\t\t<\/div>\n\t\t\t\t\t<\/div>\n\t\t<\/section>\n\t\t\t\t<\/div>\n\t\t","protected":false},"excerpt":{"rendered":"<p>Tillu kohvik P\u00f5lvas Avatud T \u2013 L 10:00 \u2013 17:00 Broneeri laud Kontakt Aadress Jaama 52, P\u00f5lva linn,&nbsp;P\u00f5lvamaa V\u00f5ta meiega \u00fchendust E-post: talupood@gmail.comTel: +372 520 6576 Talutoit O\u00dc\u00a0|\u00a0reg-kood:12039792\u00a0| IBAN:\u00a0641010220191711227\u00a0 | Avamisajad K\u00fcpsiste teave (EU) Privaatsuspoliitika M\u00fc\u00fcgitingimused<\/p>","protected":false},"author":2,"featured_media":0,"parent":0,"menu_order":0,"comment_status":"closed","ping_status":"closed","template":"elementor_header_footer","meta":{"om_disable_all_campaigns":false,"_monsterinsights_skip_tracking":false,"_monsterinsights_sitenote_active":false,"_monsterinsights_sitenote_note":"","_monsterinsights_sitenote_category":0,"lemon_limes_singe_page_hide_ad_before_page_content":"","lemon_limes_singe_page_hide_ad_after_page_content":"","lemon_limes_single_page_hide_page_header":"on","lemon_limes_single_page_featured_media_position":"","lemon_limes_single_page_sub_title":"","lemon_limes_single_page_intro_label":"","lemon_limes_single_page_intro_description":"","lemon_limes_single_page_archive_header_style":"","lemon_limes_single_page_advanced_classname":"","lemon_limes_single_site_header_source":"","lemon_limes_single_custom_site_header":"0","lemon_limes_single_custom_sticky_site_header":"0","lemon_limes_single_custom_sticky_site_header_style":"scroll-up-enable","lemon_limes_single_site_footer_source":"","lemon_limes_single_custom_site_footer":"0","footnotes":""},"class_list":["post-1043","page","type-page","status-publish","hentry"],"aioseo_notices":[],"loftoceanThemeMetas":{"lemon_limes_singe_page_hide_ad_before_page_content":"","lemon_limes_singe_page_hide_ad_after_page_content":"","lemon_limes_single_page_hide_page_header":"on","lemon_limes_single_page_featured_media_position":"","lemon_limes_single_page_sub_title":"","lemon_limes_single_page_intro_label":"","lemon_limes_single_page_intro_description":"","lemon_limes_single_page_archive_header_style":"","lemon_limes_single_page_advanced_classname":"","lemon_limes_single_site_header_source":"","lemon_limes_single_custom_site_header":"0","lemon_limes_single_custom_sticky_site_header":"0","lemon_limes_single_custom_sticky_site_header_style":"scroll-up-enable","lemon_limes_single_site_footer_source":"","lemon_limes_single_custom_site_footer":"0"},"_links":{"self":[{"href":"https:\/\/tillukohvik.ee\/en\/wp-json\/wp\/v2\/pages\/1043","targetHints":{"allow":["GET"]}}],"collection":[{"href":"https:\/\/tillukohvik.ee\/en\/wp-json\/wp\/v2\/pages"}],"about":[{"href":"https:\/\/tillukohvik.ee\/en\/wp-json\/wp\/v2\/types\/page"}],"author":[{"embeddable":true,"href":"https:\/\/tillukohvik.ee\/en\/wp-json\/wp\/v2\/users\/2"}],"replies":[{"embeddable":true,"href":"https:\/\/tillukohvik.ee\/en\/wp-json\/wp\/v2\/comments?post=1043"}],"version-history":[{"count":38,"href":"https:\/\/tillukohvik.ee\/en\/wp-json\/wp\/v2\/pages\/1043\/revisions"}],"predecessor-version":[{"id":1976,"href":"https:\/\/tillukohvik.ee\/en\/wp-json\/wp\/v2\/pages\/1043\/revisions\/1976"}],"wp:attachment":[{"href":"https:\/\/tillukohvik.ee\/en\/wp-json\/wp\/v2\/media?parent=1043"}],"curies":[{"name":"wp","href":"https:\/\/api.w.org\/{rel}","templated":true}]}}