{"id":1419,"date":"2025-07-08T10:28:35","date_gmt":"2025-07-08T10:28:35","guid":{"rendered":"https:\/\/tillukohvik.ee\/?page_id=1419"},"modified":"2025-07-28T07:42:04","modified_gmt":"2025-07-28T07:42:04","slug":"ponev-2","status":"publish","type":"page","link":"https:\/\/tillukohvik.ee\/en\/ponev-2\/","title":{"rendered":"Discover"},"content":{"rendered":"<div data-elementor-type=\"wp-page\" data-elementor-id=\"1419\" class=\"elementor elementor-1419\">\n\t\t\t\t<div class=\"elementor-element elementor-element-91f5ead e-flex e-con-boxed e-con e-parent\" data-id=\"91f5ead\" data-element_type=\"container\" data-e-type=\"container\">\n\t\t\t\t\t<div class=\"e-con-inner\">\n\t\t\t\t<div class=\"elementor-element elementor-element-7bcdaf2 elementor-widget elementor-widget-ll_blog\" data-id=\"7bcdaf2\" data-element_type=\"widget\" data-e-type=\"widget\" data-widget_type=\"ll_blog.default\">\n\t\t\t\t<div class=\"elementor-widget-container\">\n\t\t\t\t\t\t\t\t\t<div class=\"posts layout-grid text-center style-normal column-2\">\n\t\t\t\t\t\t\t\t\t<div class=\"posts-wrapper\">\n<article class=\"post-1664 post type-post status-publish format-standard has-post-thumbnail hentry category-pakkumine\"><div class=\"featured-img\">            <a href=\"https:\/\/tillukohvik.ee\/en\/pakkumine-privaatrestoran-kus-oleme-vaid-me-kaks-ohtu-mis-on-ainult-meie-sinu-soovitud-asukohas\/\">\n                \t\t\t\t\t<div class=\"featured-img-container\" style=\"background-image: url(https:\/\/tillukohvik.ee\/wp-content\/uploads\/2025\/07\/Tillu-pakkumine-780x518.png);\"><\/div>             <\/a>        <\/div>\n    <div class=\"post-content\">\n        <header class=\"post-header\">\t\t\t<div class=\"cat-links\"><a href=\"https:\/\/tillukohvik.ee\/en\/category\/pakkumine\/\" rel=\"tag\">Pakkumine<\/a><\/div>    <h2 class=\"post-title\">\n        <a href=\"https:\/\/tillukohvik.ee\/en\/pakkumine-privaatrestoran-kus-oleme-vaid-me-kaks-ohtu-mis-on-ainult-meie-sinu-soovitud-asukohas\/\">Privaatrestoran, kus\u00a0oleme vaid me kaks &#8211;\u00a0&#8220;\u00d5htu, mis on ainult meie&#8221;\u00a0(sinu soovitud asukohas)<\/a>\n    <\/h2>                <div class=\"meta\">        <div class=\"meta-item time\">\n            <a href=\"https:\/\/tillukohvik.ee\/en\/pakkumine-privaatrestoran-kus-oleme-vaid-me-kaks-ohtu-mis-on-ainult-meie-sinu-soovitud-asukohas\/\">\n                <time class=\"published\" datetime=\"2025-07-21T09:38:03+03:00\">21.07.2025<\/time>\n            <\/a>\n        <\/div>                 <\/div>        <\/header>\t\t<div class=\"post-excerpt\"><p>Teie armastus ei ole tavaline.&nbsp;Sel&nbsp;on oma lugu, oma r\u00fctm, oma vaikne keel. Ja m\u00f5ni \u00f5htu &#8230;<\/p>\n<\/div>                 <footer class=\"post-footer\">        <div class=\"more-btn\">\n            <a class=\"read-more-btn\" href=\"https:\/\/tillukohvik.ee\/en\/pakkumine-privaatrestoran-kus-oleme-vaid-me-kaks-ohtu-mis-on-ainult-meie-sinu-soovitud-asukohas\/\"><span>Loe l\u00e4hemalt<\/span><\/a>\n        <\/div>                <\/footer>    <\/div>\n<\/article>\n\n<article class=\"post-1033 post type-post status-publish format-standard has-post-thumbnail hentry category-ponev tag-ponev\"><div class=\"featured-img\">            <a href=\"https:\/\/tillukohvik.ee\/en\/10-pohjust-miks-tillu-on-just-see-koht-mis-sinu-elust-puudu-on\/\">\n                \t\t\t\t\t<div class=\"featured-img-container\" style=\"background-image: url(https:\/\/tillukohvik.ee\/wp-content\/uploads\/2025\/05\/205855612_3167400416717929_3063038125694824821_n-780x585.jpg);\"><\/div>             <\/a>        <\/div>\n    <div class=\"post-content\">\n        <header class=\"post-header\">\t\t\t<div class=\"cat-links\"><a href=\"https:\/\/tillukohvik.ee\/en\/category\/ponev\/\" rel=\"tag\">Discover<\/a><\/div>    <h2 class=\"post-title\">\n        <a href=\"https:\/\/tillukohvik.ee\/en\/10-pohjust-miks-tillu-on-just-see-koht-mis-sinu-elust-puudu-on\/\">10 p\u00f5hjust, miks Tillu on just see koht, mis sinu elust puudu on:<\/a>\n    <\/h2>                <div class=\"meta\">        <div class=\"meta-item time\">\n            <a href=\"https:\/\/tillukohvik.ee\/en\/10-pohjust-miks-tillu-on-just-see-koht-mis-sinu-elust-puudu-on\/\">\n                <time class=\"published\" datetime=\"2025-05-29T10:45:27+03:00\">29.05.2025<\/time>\n            <\/a>\n        <\/div>                 <\/div>        <\/header>\t\t<div class=\"post-excerpt\"><\/div>                 <footer class=\"post-footer\">        <div class=\"more-btn\">\n            <a class=\"read-more-btn\" href=\"https:\/\/tillukohvik.ee\/en\/10-pohjust-miks-tillu-on-just-see-koht-mis-sinu-elust-puudu-on\/\"><span>Loe l\u00e4hemalt<\/span><\/a>\n        <\/div>                <\/footer>    <\/div>\n<\/article>\n\t\t\t\t<\/div>\t\t\t\t<\/div>\t\t\t\t<\/div>\n\t\t\t\t<\/div>\n\t\t\t\t\t<\/div>\n\t\t\t\t<\/div>\n\t\t\t\t<\/div>","protected":false},"excerpt":{"rendered":"<p>Pakkumine Privaatrestoran, kus\u00a0oleme vaid me kaks &#8211;\u00a0&#8220;\u00d5htu, mis on ainult meie&#8221;\u00a0(sinu soovitud asukohas) 21.07.2025 Teie armastus ei ole tavaline.&nbsp;Sel&nbsp;on oma lugu, oma r\u00fctm, oma vaikne keel. Ja m\u00f5ni \u00f5htu &#8230; Loe l\u00e4hemalt P\u00f5nev 10 p\u00f5hjust, miks Tillu on just see koht, mis sinu elust puudu on: 29.05.2025 Loe l\u00e4hemalt<\/p>","protected":false},"author":1,"featured_media":0,"parent":0,"menu_order":0,"comment_status":"closed","ping_status":"closed","template":"","meta":{"om_disable_all_campaigns":false,"_monsterinsights_skip_tracking":false,"_monsterinsights_sitenote_active":false,"_monsterinsights_sitenote_note":"","_monsterinsights_sitenote_category":0,"lemon_limes_singe_page_hide_ad_before_page_content":"","lemon_limes_singe_page_hide_ad_after_page_content":"","lemon_limes_single_page_hide_page_header":"","lemon_limes_single_page_featured_media_position":"","lemon_limes_single_page_sub_title":"","lemon_limes_single_page_intro_label":"","lemon_limes_single_page_intro_description":"","lemon_limes_single_page_archive_header_style":"","lemon_limes_single_page_advanced_classname":"","lemon_limes_single_site_header_source":"","lemon_limes_single_custom_site_header":"0","lemon_limes_single_custom_sticky_site_header":"0","lemon_limes_single_custom_sticky_site_header_style":"scroll-up-enable","lemon_limes_single_site_footer_source":"","lemon_limes_single_custom_site_footer":"0","footnotes":""},"class_list":["post-1419","page","type-page","status-publish","hentry"],"aioseo_notices":[],"loftoceanThemeMetas":{"lemon_limes_singe_page_hide_ad_before_page_content":"","lemon_limes_singe_page_hide_ad_after_page_content":"","lemon_limes_single_page_hide_page_header":"","lemon_limes_single_page_featured_media_position":"","lemon_limes_single_page_sub_title":"","lemon_limes_single_page_intro_label":"","lemon_limes_single_page_intro_description":"","lemon_limes_single_page_archive_header_style":"","lemon_limes_single_page_advanced_classname":"","lemon_limes_single_site_header_source":"","lemon_limes_single_custom_site_header":"0","lemon_limes_single_custom_sticky_site_header":"0","lemon_limes_single_custom_sticky_site_header_style":"scroll-up-enable","lemon_limes_single_site_footer_source":"","lemon_limes_single_custom_site_footer":"0"},"_links":{"self":[{"href":"https:\/\/tillukohvik.ee\/en\/wp-json\/wp\/v2\/pages\/1419","targetHints":{"allow":["GET"]}}],"collection":[{"href":"https:\/\/tillukohvik.ee\/en\/wp-json\/wp\/v2\/pages"}],"about":[{"href":"https:\/\/tillukohvik.ee\/en\/wp-json\/wp\/v2\/types\/page"}],"author":[{"embeddable":true,"href":"https:\/\/tillukohvik.ee\/en\/wp-json\/wp\/v2\/users\/1"}],"replies":[{"embeddable":true,"href":"https:\/\/tillukohvik.ee\/en\/wp-json\/wp\/v2\/comments?post=1419"}],"version-history":[{"count":27,"href":"https:\/\/tillukohvik.ee\/en\/wp-json\/wp\/v2\/pages\/1419\/revisions"}],"predecessor-version":[{"id":1724,"href":"https:\/\/tillukohvik.ee\/en\/wp-json\/wp\/v2\/pages\/1419\/revisions\/1724"}],"wp:attachment":[{"href":"https:\/\/tillukohvik.ee\/en\/wp-json\/wp\/v2\/media?parent=1419"}],"curies":[{"name":"wp","href":"https:\/\/api.w.org\/{rel}","templated":true}]}}