{"id":1112,"date":"2025-06-03T13:26:42","date_gmt":"2025-06-03T13:26:42","guid":{"rendered":"https:\/\/tillukohvik.ee\/?post_type=product&#038;p=1112"},"modified":"2025-06-03T13:44:35","modified_gmt":"2025-06-03T13:44:35","slug":"forell-tarrendis","status":"publish","type":"product","link":"https:\/\/tillukohvik.ee\/en\/product\/forell-tarrendis\/","title":{"rendered":"Forell tarrendis"},"content":{"rendered":"<p><strong><span style=\"font-weight: 400;\">Eestimaisest kalast, 99% luudeta ja s\u00e4ilitusaineteta<br \/>\n<\/span><br \/>\nSaadud tunnustused: <\/strong>Uma mekk<strong><\/p>\n<p>Koostisosad:<\/strong>VIKERFORELL (kasvatatud Eestis) 58%, joogivesi, rafineerimata suhkur, Himaalaja sool, \u017eelatiin, \u00e4\u00e4dikas, sidrunhape, sibul, k\u00fc\u00fcslauk, SINEPISEEMNED, v\u00fcrtsid<\/p>\n<p><strong>S\u00e4ilitamine:<\/strong> 2-6\u00b0C<\/p>","protected":false},"excerpt":{"rendered":"<p><span style=\"font-weight: 400;\">Igal peolaual peab olema Mooste Kalak\u00f6\u00f6gi \u201epurgikala\u201c ehk forell tarrendis. S\u00f5brad \u00fctlevad, et k\u00f5ik muu on ka hea aga \u201epurgikala\u201c peab olema. Purgis on forelli filee ilma luude ja nahata, marinaadist saab tarrend ja eelnevalt on k\u00f5ik maitseainete t\u00fckid v\u00e4lja v\u00f5tnud nii, et s\u00f6\u00f6mine on puhas nauding.<br \/>\n<\/span><\/p>\n<p>&nbsp;<\/p>","protected":false},"featured_media":1117,"comment_status":"open","ping_status":"closed","template":"","meta":{"om_disable_all_campaigns":false,"_monsterinsights_skip_tracking":false,"_monsterinsights_sitenote_active":false,"_monsterinsights_sitenote_note":"","_monsterinsights_sitenote_category":0},"product_brand":[120],"product_cat":[119],"product_tag":[106],"class_list":{"0":"post-1112","1":"product","2":"type-product","3":"status-publish","4":"has-post-thumbnail","6":"product_brand-mooste-kalakook","7":"product_cat-kalatooted","8":"product_tag-uma-mekk","10":"first","11":"instock","12":"shipping-taxable","13":"purchasable","14":"product-type-variable"},"aioseo_notices":[],"_links":{"self":[{"href":"https:\/\/tillukohvik.ee\/en\/wp-json\/wp\/v2\/product\/1112","targetHints":{"allow":["GET"]}}],"collection":[{"href":"https:\/\/tillukohvik.ee\/en\/wp-json\/wp\/v2\/product"}],"about":[{"href":"https:\/\/tillukohvik.ee\/en\/wp-json\/wp\/v2\/types\/product"}],"replies":[{"embeddable":true,"href":"https:\/\/tillukohvik.ee\/en\/wp-json\/wp\/v2\/comments?post=1112"}],"wp:featuredmedia":[{"embeddable":true,"href":"https:\/\/tillukohvik.ee\/en\/wp-json\/wp\/v2\/media\/1117"}],"wp:attachment":[{"href":"https:\/\/tillukohvik.ee\/en\/wp-json\/wp\/v2\/media?parent=1112"}],"wp:term":[{"taxonomy":"product_brand","embeddable":true,"href":"https:\/\/tillukohvik.ee\/en\/wp-json\/wp\/v2\/product_brand?post=1112"},{"taxonomy":"product_cat","embeddable":true,"href":"https:\/\/tillukohvik.ee\/en\/wp-json\/wp\/v2\/product_cat?post=1112"},{"taxonomy":"product_tag","embeddable":true,"href":"https:\/\/tillukohvik.ee\/en\/wp-json\/wp\/v2\/product_tag?post=1112"}],"curies":[{"name":"wp","href":"https:\/\/api.w.org\/{rel}","templated":true}]}}