{"id":1119,"date":"2025-06-03T13:54:02","date_gmt":"2025-06-03T13:54:02","guid":{"rendered":"https:\/\/tillukohvik.ee\/?post_type=product&#038;p=1119"},"modified":"2025-06-03T13:54:28","modified_gmt":"2025-06-03T13:54:28","slug":"kanamunad-10tk","status":"publish","type":"product","link":"https:\/\/tillukohvik.ee\/en\/product\/kanamunad-10tk\/","title":{"rendered":"Kanamunad, 10tk"},"content":{"rendered":"","protected":false},"excerpt":{"rendered":"<p><span style=\"font-weight: 400;\">Mehitse talus P\u00f5lvamaal kasvavad \u00f5nnelikud kana, kelle t\u00e4iuslik \u00f5nn peremehe Aavo muigvel s\u00f5nade j\u00e4rgi seisneb selles, et kanapreilid kohtuvad ka kukeh\u00e4rraga. Munad on kollase rebu ja suurep\u00e4rase maitsega v\u00e4ikesed imed.\u00a0<\/span><\/p>","protected":false},"featured_media":1120,"comment_status":"open","ping_status":"closed","template":"","meta":{"om_disable_all_campaigns":false,"_monsterinsights_skip_tracking":false,"_monsterinsights_sitenote_active":false,"_monsterinsights_sitenote_note":"","_monsterinsights_sitenote_category":0},"product_brand":[124],"product_cat":[123],"product_tag":[],"class_list":{"0":"post-1119","1":"product","2":"type-product","3":"status-publish","4":"has-post-thumbnail","6":"product_brand-mehiste-talu","7":"product_cat-munad","9":"first","10":"instock","11":"shipping-taxable","12":"purchasable","13":"product-type-simple"},"aioseo_notices":[],"_links":{"self":[{"href":"https:\/\/tillukohvik.ee\/en\/wp-json\/wp\/v2\/product\/1119","targetHints":{"allow":["GET"]}}],"collection":[{"href":"https:\/\/tillukohvik.ee\/en\/wp-json\/wp\/v2\/product"}],"about":[{"href":"https:\/\/tillukohvik.ee\/en\/wp-json\/wp\/v2\/types\/product"}],"replies":[{"embeddable":true,"href":"https:\/\/tillukohvik.ee\/en\/wp-json\/wp\/v2\/comments?post=1119"}],"wp:featuredmedia":[{"embeddable":true,"href":"https:\/\/tillukohvik.ee\/en\/wp-json\/wp\/v2\/media\/1120"}],"wp:attachment":[{"href":"https:\/\/tillukohvik.ee\/en\/wp-json\/wp\/v2\/media?parent=1119"}],"wp:term":[{"taxonomy":"product_brand","embeddable":true,"href":"https:\/\/tillukohvik.ee\/en\/wp-json\/wp\/v2\/product_brand?post=1119"},{"taxonomy":"product_cat","embeddable":true,"href":"https:\/\/tillukohvik.ee\/en\/wp-json\/wp\/v2\/product_cat?post=1119"},{"taxonomy":"product_tag","embeddable":true,"href":"https:\/\/tillukohvik.ee\/en\/wp-json\/wp\/v2\/product_tag?post=1119"}],"curies":[{"name":"wp","href":"https:\/\/api.w.org\/{rel}","templated":true}]}}