{"id":1121,"date":"2025-06-03T14:03:30","date_gmt":"2025-06-03T14:03:30","guid":{"rendered":"https:\/\/tillukohvik.ee\/?post_type=product&#038;p=1121"},"modified":"2025-06-03T14:06:45","modified_gmt":"2025-06-03T14:06:45","slug":"maitsetaimede-segu-supile-15g","status":"publish","type":"product","link":"https:\/\/tillukohvik.ee\/en\/product\/maitsetaimede-segu-supile-15g\/","title":{"rendered":"Maitsetaimede segu supile, 15g"},"content":{"rendered":"<p><span style=\"font-weight: 400;\"><strong>Koostisosad:<\/strong>\u00a0 aedtill <\/span><i><span style=\"font-weight: 400;\">Anethum graveolens<\/span><\/i><span style=\"font-weight: 400;\">, petersell <\/span><i><span style=\"font-weight: 400;\">Petroselinum crispum<\/span><\/i><span style=\"font-weight: 400;\">, sibul <\/span><i><span style=\"font-weight: 400;\">Allium cepa.<br \/>\n<\/span><\/i><span style=\"font-weight: 400;\">\u00dcrdisegule ei ole lisatud soola.<\/span><\/p>\n<p><span style=\"font-weight: 400;\"><strong>Tunnustused:<\/strong> Uma Mekk, Rohelisem P\u00f5lvamaa<\/span><\/p>","protected":false},"excerpt":{"rendered":"<p><span style=\"font-weight: 400;\">S\u00fcvahavva Loodustalu on pereettev\u00f5te P\u00f5lvamaal.Neil on mahetootja tunnustus alates 2001 aastast. Taimed kasvatatakse ja korjatakse kohapeal. Taimi kasvatades ei kasutata keemilisi m\u00fcrkaineid umbrohu ja kahjurite t\u00f5rjumiseks, ega mineraalv\u00e4etisi.\u00a0<\/span><\/p>\n<p><span style=\"font-weight: 400;\">Samuti ei kasuta nad ega kasvata GMO taimi.<\/span><\/p>","protected":false},"featured_media":1123,"comment_status":"open","ping_status":"closed","template":"","meta":{"om_disable_all_campaigns":false,"_monsterinsights_skip_tracking":false,"_monsterinsights_sitenote_active":false,"_monsterinsights_sitenote_note":"","_monsterinsights_sitenote_category":0},"product_brand":[128],"product_cat":[125],"product_tag":[129,106],"class_list":{"0":"post-1121","1":"product","2":"type-product","3":"status-publish","4":"has-post-thumbnail","6":"product_brand-suvahavva-loodustalu","7":"product_cat-maitseained","8":"product_tag-rohelisem-polvamaa","9":"product_tag-uma-mekk","11":"first","12":"instock","13":"shipping-taxable","14":"purchasable","15":"product-type-simple"},"aioseo_notices":[],"_links":{"self":[{"href":"https:\/\/tillukohvik.ee\/en\/wp-json\/wp\/v2\/product\/1121","targetHints":{"allow":["GET"]}}],"collection":[{"href":"https:\/\/tillukohvik.ee\/en\/wp-json\/wp\/v2\/product"}],"about":[{"href":"https:\/\/tillukohvik.ee\/en\/wp-json\/wp\/v2\/types\/product"}],"replies":[{"embeddable":true,"href":"https:\/\/tillukohvik.ee\/en\/wp-json\/wp\/v2\/comments?post=1121"}],"wp:featuredmedia":[{"embeddable":true,"href":"https:\/\/tillukohvik.ee\/en\/wp-json\/wp\/v2\/media\/1123"}],"wp:attachment":[{"href":"https:\/\/tillukohvik.ee\/en\/wp-json\/wp\/v2\/media?parent=1121"}],"wp:term":[{"taxonomy":"product_brand","embeddable":true,"href":"https:\/\/tillukohvik.ee\/en\/wp-json\/wp\/v2\/product_brand?post=1121"},{"taxonomy":"product_cat","embeddable":true,"href":"https:\/\/tillukohvik.ee\/en\/wp-json\/wp\/v2\/product_cat?post=1121"},{"taxonomy":"product_tag","embeddable":true,"href":"https:\/\/tillukohvik.ee\/en\/wp-json\/wp\/v2\/product_tag?post=1121"}],"curies":[{"name":"wp","href":"https:\/\/api.w.org\/{rel}","templated":true}]}}