{"id":1125,"date":"2025-06-03T14:19:35","date_gmt":"2025-06-03T14:19:35","guid":{"rendered":"https:\/\/tillukohvik.ee\/?post_type=product&#038;p=1125"},"modified":"2025-06-03T14:19:35","modified_gmt":"2025-06-03T14:19:35","slug":"uheksavagise-tee-8-g","status":"publish","type":"product","link":"https:\/\/tillukohvik.ee\/en\/product\/uheksavagise-tee-8-g\/","title":{"rendered":"\u00dcheksav\u00e4gise tee, 8 g"},"content":{"rendered":"","protected":false},"excerpt":{"rendered":"<p><span style=\"font-weight: 400;\">Tamme talu mahedalt kasvatatud \u00fcheksav\u00e4gise \u00f5ied on s\u00e4ravalt kuldkollase v\u00e4rvuse ja \u00f5rnalt magusa maitsega.<br \/>\n<strong>Koostisosad:<\/strong> \u00fcheksav\u00e4gise \u00f5ied<\/span><\/p>","protected":false},"featured_media":1126,"comment_status":"open","ping_status":"closed","template":"","meta":{"om_disable_all_campaigns":false,"_monsterinsights_skip_tracking":false,"_monsterinsights_sitenote_active":false,"_monsterinsights_sitenote_note":"","_monsterinsights_sitenote_category":0},"product_brand":[130],"product_cat":[127],"product_tag":[],"class_list":{"0":"post-1125","1":"product","2":"type-product","3":"status-publish","4":"has-post-thumbnail","6":"product_brand-tamme-talu","7":"product_cat-teed","9":"first","10":"instock","11":"shipping-taxable","12":"purchasable","13":"product-type-simple"},"aioseo_notices":[],"_links":{"self":[{"href":"https:\/\/tillukohvik.ee\/en\/wp-json\/wp\/v2\/product\/1125","targetHints":{"allow":["GET"]}}],"collection":[{"href":"https:\/\/tillukohvik.ee\/en\/wp-json\/wp\/v2\/product"}],"about":[{"href":"https:\/\/tillukohvik.ee\/en\/wp-json\/wp\/v2\/types\/product"}],"replies":[{"embeddable":true,"href":"https:\/\/tillukohvik.ee\/en\/wp-json\/wp\/v2\/comments?post=1125"}],"wp:featuredmedia":[{"embeddable":true,"href":"https:\/\/tillukohvik.ee\/en\/wp-json\/wp\/v2\/media\/1126"}],"wp:attachment":[{"href":"https:\/\/tillukohvik.ee\/en\/wp-json\/wp\/v2\/media?parent=1125"}],"wp:term":[{"taxonomy":"product_brand","embeddable":true,"href":"https:\/\/tillukohvik.ee\/en\/wp-json\/wp\/v2\/product_brand?post=1125"},{"taxonomy":"product_cat","embeddable":true,"href":"https:\/\/tillukohvik.ee\/en\/wp-json\/wp\/v2\/product_cat?post=1125"},{"taxonomy":"product_tag","embeddable":true,"href":"https:\/\/tillukohvik.ee\/en\/wp-json\/wp\/v2\/product_tag?post=1125"}],"curies":[{"name":"wp","href":"https:\/\/api.w.org\/{rel}","templated":true}]}}