{"id":1127,"date":"2025-06-03T14:30:54","date_gmt":"2025-06-03T14:30:54","guid":{"rendered":"https:\/\/tillukohvik.ee\/?post_type=product&#038;p=1127"},"modified":"2025-06-18T08:52:54","modified_gmt":"2025-06-18T08:52:54","slug":"suitsusaunaliha-mooskast","status":"publish","type":"product","link":"https:\/\/tillukohvik.ee\/en\/product\/suitsusaunaliha-mooskast\/","title":{"rendered":"Suitsusaunaliha Mooskast"},"content":{"rendered":"","protected":false},"excerpt":{"rendered":"<p><b>Hind 18\u20ac\/kg<\/b><\/p>\n<p>Mooska talu kolmest suitsusaunast \u00fches suitsutatakse traditsioonilisel viisil saunasuitsuliha.<span style=\"font-weight: 400;\"><br \/>\nEnamasti on lihaks kodumaine sealiha, aga suitsutatakse ka teisi lihasorte. Valdavalt j\u00f5uab sauna L\u00f5una-Eesti taludes kasvatatud sealiha, aga s\u00fcgiseti ka lambaliha. Valikus on ede- ja tagat\u00fckid, karree, kaelakarbonaad, lappe t\u00fckid. Liha sooldub 5 \u2013 7 p\u00e4eva ja suitsub suitsusaunas mahedas lepasuitsus umbes 40 tundi. Tulemuseks on suus sulav, pruuni pealispinnaga aromaatne saunasuitsuliha, millest v\u00f5ib tekkida s\u00f5ltuvus. Oleme teid hoiatanud!<\/span><\/p>","protected":false},"featured_media":1128,"comment_status":"open","ping_status":"closed","template":"","meta":{"om_disable_all_campaigns":false,"_monsterinsights_skip_tracking":false,"_monsterinsights_sitenote_active":false,"_monsterinsights_sitenote_note":"","_monsterinsights_sitenote_category":0},"product_brand":[134],"product_cat":[113],"product_tag":[],"class_list":{"0":"post-1127","1":"product","2":"type-product","3":"status-publish","4":"has-post-thumbnail","6":"product_brand-mooska-talu","7":"product_cat-lihatooted","9":"first","10":"instock","11":"shipping-taxable","12":"purchasable","13":"product-type-variable"},"aioseo_notices":[],"_links":{"self":[{"href":"https:\/\/tillukohvik.ee\/en\/wp-json\/wp\/v2\/product\/1127","targetHints":{"allow":["GET"]}}],"collection":[{"href":"https:\/\/tillukohvik.ee\/en\/wp-json\/wp\/v2\/product"}],"about":[{"href":"https:\/\/tillukohvik.ee\/en\/wp-json\/wp\/v2\/types\/product"}],"replies":[{"embeddable":true,"href":"https:\/\/tillukohvik.ee\/en\/wp-json\/wp\/v2\/comments?post=1127"}],"wp:featuredmedia":[{"embeddable":true,"href":"https:\/\/tillukohvik.ee\/en\/wp-json\/wp\/v2\/media\/1128"}],"wp:attachment":[{"href":"https:\/\/tillukohvik.ee\/en\/wp-json\/wp\/v2\/media?parent=1127"}],"wp:term":[{"taxonomy":"product_brand","embeddable":true,"href":"https:\/\/tillukohvik.ee\/en\/wp-json\/wp\/v2\/product_brand?post=1127"},{"taxonomy":"product_cat","embeddable":true,"href":"https:\/\/tillukohvik.ee\/en\/wp-json\/wp\/v2\/product_cat?post=1127"},{"taxonomy":"product_tag","embeddable":true,"href":"https:\/\/tillukohvik.ee\/en\/wp-json\/wp\/v2\/product_tag?post=1127"}],"curies":[{"name":"wp","href":"https:\/\/api.w.org\/{rel}","templated":true}]}}