{"id":1132,"date":"2025-06-03T14:39:42","date_gmt":"2025-06-03T14:39:42","guid":{"rendered":"https:\/\/tillukohvik.ee\/?post_type=product&#038;p=1132"},"modified":"2025-06-03T14:39:43","modified_gmt":"2025-06-03T14:39:43","slug":"andre-excellent","status":"publish","type":"product","link":"https:\/\/tillukohvik.ee\/en\/product\/andre-excellent\/","title":{"rendered":"Andre Excellent"},"content":{"rendered":"<p><strong>Saadud tunnustused:<\/strong><\/p>\n<ul>\n<li><span style=\"font-weight: 400;\">2016.a s\u00fcgisel p\u00e4lvis Andre Excellent \u2013 Hispaanias <\/span><b>World Cheese Award<\/b><span style=\"font-weight: 400;\"> v\u00f5itlusel omas kategoorias h\u00f5bem\u00e4rgi.\u00a0<\/span><\/li>\n<li><span style=\"font-weight: 400;\">2018\u00a0 World Cheese Award juustuv\u00f5istlusel <\/span><b>Super Gold<\/b><span style=\"font-weight: 400;\"> m\u00e4rgi, st ta kuulub maailma parima 78 juustu hulka. Eripreemia samalt v\u00f5istluselt \u201cParim Ida- ja Kesk-Euroopa juust\u201d.<\/span><\/li>\n<li><span style=\"font-weight: 400;\">Ehtsa Talutoidu konkursil \u201cParim juust 2018\u201d .\u00a0<\/span><\/li>\n<li><span style=\"font-weight: 400;\">2018\u00a0 USA-s <\/span><b>World Cheese Chapionship<\/b><span style=\"font-weight: 400;\"> v\u00f5istlusl, kus Excellent p\u00e4lvis 99,36 punkti 100-st.\u00a0<\/span><\/li>\n<li><span style=\"font-weight: 400;\">2019.a <\/span><b>Singapore Taste Awards<\/b><span style=\"font-weight: 400;\"> konkurssi kuldm\u00e4rki.<\/span><\/li>\n<\/ul>","protected":false},"excerpt":{"rendered":"<p><span style=\"font-weight: 400;\"><strong>27\u20ac\/kg<\/strong><\/span><\/p>\n<p><span style=\"font-weight: 400;\">P\u00f5lvamaa piiri \u00e4\u00e4res asub Andre Farm, mis teeb maailma parimat juustu. <\/span><b>Andre Excellent<\/b><span style=\"font-weight: 400;\"> 18 kuud k\u00fcpsenud juust Imeline pikalt valminud maitsebukett inimesele, kes hindab tugevaid maitseid. Juustul on pikk koorene j\u00e4relmaitse ja kr\u00fcmpsuvad soolakristallid.<\/span><\/p>","protected":false},"featured_media":1133,"comment_status":"open","ping_status":"closed","template":"","meta":{"om_disable_all_campaigns":false,"_monsterinsights_skip_tracking":false,"_monsterinsights_sitenote_active":false,"_monsterinsights_sitenote_note":"","_monsterinsights_sitenote_category":0},"product_brand":[135],"product_cat":[111],"product_tag":[],"class_list":{"0":"post-1132","1":"product","2":"type-product","3":"status-publish","4":"has-post-thumbnail","6":"product_brand-andre-farm","7":"product_cat-juustud","9":"first","10":"instock","11":"shipping-taxable","12":"purchasable","13":"product-type-variable"},"aioseo_notices":[],"_links":{"self":[{"href":"https:\/\/tillukohvik.ee\/en\/wp-json\/wp\/v2\/product\/1132","targetHints":{"allow":["GET"]}}],"collection":[{"href":"https:\/\/tillukohvik.ee\/en\/wp-json\/wp\/v2\/product"}],"about":[{"href":"https:\/\/tillukohvik.ee\/en\/wp-json\/wp\/v2\/types\/product"}],"replies":[{"embeddable":true,"href":"https:\/\/tillukohvik.ee\/en\/wp-json\/wp\/v2\/comments?post=1132"}],"wp:featuredmedia":[{"embeddable":true,"href":"https:\/\/tillukohvik.ee\/en\/wp-json\/wp\/v2\/media\/1133"}],"wp:attachment":[{"href":"https:\/\/tillukohvik.ee\/en\/wp-json\/wp\/v2\/media?parent=1132"}],"wp:term":[{"taxonomy":"product_brand","embeddable":true,"href":"https:\/\/tillukohvik.ee\/en\/wp-json\/wp\/v2\/product_brand?post=1132"},{"taxonomy":"product_cat","embeddable":true,"href":"https:\/\/tillukohvik.ee\/en\/wp-json\/wp\/v2\/product_cat?post=1132"},{"taxonomy":"product_tag","embeddable":true,"href":"https:\/\/tillukohvik.ee\/en\/wp-json\/wp\/v2\/product_tag?post=1132"}],"curies":[{"name":"wp","href":"https:\/\/api.w.org\/{rel}","templated":true}]}}