{"id":989,"date":"2025-04-29T13:44:24","date_gmt":"2025-04-29T13:44:24","guid":{"rendered":"https:\/\/tillukohvik.ee\/?post_type=product&#038;p=989"},"modified":"2025-06-03T13:02:45","modified_gmt":"2025-06-03T13:02:45","slug":"kaneelirull","status":"publish","type":"product","link":"https:\/\/tillukohvik.ee\/en\/product\/kaneelirull\/","title":{"rendered":"Kaneelirull"},"content":{"rendered":"<p><span style=\"font-weight: 400;\">Koostisosad: Tillu p\u00e4rmitainas ( nisujahu, vesi, suhkur, v\u00f5i, muna, p\u00e4rm, sool, kardemon), suhkur, v\u00f5i, kaneel<\/span><\/p>","protected":false},"excerpt":{"rendered":"<p><span style=\"font-weight: 400;\"><strong>4\u20ac\/tk<\/strong><br \/>\nKaneelirull on suur ja pehme ning otsata m\u00f5nus saiake.<\/span><\/p>","protected":false},"featured_media":1007,"comment_status":"open","ping_status":"closed","template":"","meta":{"om_disable_all_campaigns":false,"_monsterinsights_skip_tracking":false,"_monsterinsights_sitenote_active":false,"_monsterinsights_sitenote_note":"","_monsterinsights_sitenote_category":0},"product_brand":[117],"product_cat":[107],"product_tag":[],"class_list":{"0":"post-989","1":"product","2":"type-product","3":"status-publish","4":"has-post-thumbnail","6":"product_brand-tillu-kohvik","7":"product_cat-tillu-omatoodang","9":"first","10":"instock","11":"shipping-taxable","12":"purchasable","13":"product-type-simple"},"aioseo_notices":[],"_links":{"self":[{"href":"https:\/\/tillukohvik.ee\/en\/wp-json\/wp\/v2\/product\/989","targetHints":{"allow":["GET"]}}],"collection":[{"href":"https:\/\/tillukohvik.ee\/en\/wp-json\/wp\/v2\/product"}],"about":[{"href":"https:\/\/tillukohvik.ee\/en\/wp-json\/wp\/v2\/types\/product"}],"replies":[{"embeddable":true,"href":"https:\/\/tillukohvik.ee\/en\/wp-json\/wp\/v2\/comments?post=989"}],"wp:featuredmedia":[{"embeddable":true,"href":"https:\/\/tillukohvik.ee\/en\/wp-json\/wp\/v2\/media\/1007"}],"wp:attachment":[{"href":"https:\/\/tillukohvik.ee\/en\/wp-json\/wp\/v2\/media?parent=989"}],"wp:term":[{"taxonomy":"product_brand","embeddable":true,"href":"https:\/\/tillukohvik.ee\/en\/wp-json\/wp\/v2\/product_brand?post=989"},{"taxonomy":"product_cat","embeddable":true,"href":"https:\/\/tillukohvik.ee\/en\/wp-json\/wp\/v2\/product_cat?post=989"},{"taxonomy":"product_tag","embeddable":true,"href":"https:\/\/tillukohvik.ee\/en\/wp-json\/wp\/v2\/product_tag?post=989"}],"curies":[{"name":"wp","href":"https:\/\/api.w.org\/{rel}","templated":true}]}}